{"id":57,"date":"2020-11-18T15:06:46","date_gmt":"2020-11-18T14:06:46","guid":{"rendered":"http:\/\/llp.cz\/llpvision\/?page_id=57"},"modified":"2020-11-18T15:06:46","modified_gmt":"2020-11-18T14:06:46","slug":"jak-na-opatrovnickou-radu-od-zakladu","status":"publish","type":"page","link":"https:\/\/llp.cz\/llpvision\/nabidka\/jak-na-opatrovnickou-radu-od-zakladu\/","title":{"rendered":"JAK NA OPATROVNICKOU RADU &#8211; OD Z\u00c1KLAD\u016e"},"content":{"rendered":"\n<h3 class=\"wp-block-heading\">C\u00cdLOV\u00c1 SKUPINA<\/h3>\n\n\n\n<p>Odborn\u00edci v soci\u00e1ln\u00edch slu\u017eb\u00e1ch (soci\u00e1ln\u00ed pracovn\u00edk, v\u010detn\u011b p\u016fsob\u00edc\u00edho a \u00fa\u0159ad\u011b; pracovn\u00edk v soci\u00e1ln\u00ed<\/p>\n\n\n\n<h3 class=\"wp-block-heading\">AKREDITACE<\/h3>\n\n\n\n<p>2015\/0012-PC\/SP\/VP\/PP<\/p>\n\n\n\n<h3 class=\"wp-block-heading\">D\u00c9LKA KURZU<\/h3>\n\n\n\n<p>5 vyu\u010dovac\u00edch hodin<\/p>\n\n\n\n<h3 class=\"wp-block-heading\">NEJBLI\u017d\u0160\u00cd TERM\u00cdN<\/h3>\n\n\n\n<p>\u017d\u00e1dn\u00e9 vypsan\u00e9 term\u00edny<\/p>\n\n\n\n<h3 class=\"wp-block-heading\">LEKTO\u0158I<\/h3>\n\n\n\n<p>Denisa Sla\u0161\u0165anov\u00e1<\/p>\n\n\n\n<h3 class=\"wp-block-heading\">CENA<\/h3>\n\n\n\n<p>1190 K\u010d<\/p>\n\n\n\n<p><\/p>\n\n\n\n<p>Semin\u00e1\u0159 je ur\u010den v\u0161em, kte\u0159\u00ed se cht\u011bj\u00ed sezn\u00e1mit s t\u00edm, co je to opatrovnick\u00e1 rada, jakou m\u00e1 funkci, jak vznik\u00e1, jak\u00e9 jsou kroky pro jej\u00ed z\u0159\u00edzen\u00ed. Na praktick\u00fdch p\u0159\u00edkladech bude krok za krokem p\u0159edstaven cel\u00fd proces jej\u00edho vzniku. D\u00e1le bude p\u0159edstaveno rozhodov\u00e1n\u00ed opatrovnick\u00e9 rady, v\u010detn\u011b &nbsp;p\u0159edm\u011btn\u00e9 agendy. Obrana opatrovance proti rozhodnut\u00ed rady. Stanoven\u00ed pravidel pro efektivn\u00ed fungov\u00e1n\u00ed opatrovnick\u00e9 rady. Bude zd\u016frazn\u011bna role soci\u00e1ln\u00edho pracovn\u00edka, \u010di jin\u00e9 osoby (ne opatrovance \u010di opatrovn\u00edka) v tom, jak\u00fdm zp\u016fsobem mohou b\u00fdt n\u00e1pomocni tomu, aby byla skute\u010dn\u011b realizov\u00e1na pr\u00e1va osoby s posti\u017een\u00edm. Cel\u00fd semin\u00e1\u0159 sm\u011b\u0159uje k pos\u00edlen\u00ed kompetenc\u00ed pracovn\u00edk\u016f p\u0159i orientaci v postaven\u00ed osob se z\u00e1sahem do sv\u00e9pr\u00e1vnosti a\/nebo vyu\u017e\u00edvaj\u00edc\u00edch institut opatrovn\u00edka. &nbsp;&nbsp;<\/p>\n\n\n\n<p><strong>Obsah:<\/strong><\/p>\n\n\n\n<p>1.&nbsp;\u00davod. Omezen\u00ed sv\u00e9pr\u00e1vnosti a opatrovnictv\u00ed<\/p>\n\n\n\n<p>P\u0159edstaven\u00ed \u00fa\u010dastn\u00edk\u016f a jejich o\u010dek\u00e1v\u00e1n\u00ed. Provozn\u00ed informace. &nbsp;Stru\u010dn\u00e9 informace o omezen\u00ed sv\u00e9pr\u00e1vnosti, o opatrovnictv\u00ed.&nbsp;<\/p>\n\n\n\n<p>2.&nbsp;Co je to opatrovnick\u00e1 rada a p\u0159\u00edpravn\u00e1 f\u00e1ze<\/p>\n\n\n\n<p>P\u0159edstaven\u00ed institutu opatrovnick\u00e1 rada, kdy osoba m\u016f\u017ee m\u00edt opatrovnickou radu, k \u010demu je. F\u00e1ze p\u0159ed vznikem rady &#8211; kruhy podpory. Kdo m\u016f\u017ee b\u00fdt \u010dlenem. O \u010dem p\u0159em\u00fd\u0161let p\u0159i zv\u00e1\u017eov\u00e1n\u00ed vzniku rady.<\/p>\n\n\n\n<p>3.&nbsp;Z\u00e1konn\u00fd proces vzniku opatrovnick\u00e9 rady<\/p>\n\n\n\n<p>Kdo m\u016f\u017ee iniciovat z\u0159\u00edzen\u00ed opatronick\u00e9 rady, jak\u00fdm zp\u016fsobem. Jak\u00e1 je role &nbsp;a jak\u00e9 jsou povinnosti opatrovn\u00edka p\u0159i vzniku. Monitorovac\u00ed a inicia\u010dn\u00ed role soudu p\u0159i vzniku rady. Zapojen\u00ed &nbsp;p\u0159\u00edbuzn\u00fdch a p\u0159\u00e1tel do vzniku rady &#8211; ustavuj\u00edc\u00ed sch\u016fze.<\/p>\n\n\n\n<p>4.&nbsp;Rozhodov\u00e1n\u00ed opatrovnick\u00e9 rady<\/p>\n\n\n\n<p>Informace o tom, v jak\u00fdch z\u00e1le\u017eitostech rozhoduje opatrovnick\u00e1 rada, jejich pr\u00e1vn\u00ed povaha. Simulace situace, kdy je t\u0159eba u\u010dinit d\u016fle\u017eit\u00e9 rozhodnut\u00ed opatrovnick\u00e9 rady. Praktick\u00e1 uk\u00e1zka v\u0161ech krok\u016f od jej\u00edho svol\u00e1n\u00ed a\u017e po rozhodnut\u00ed. &nbsp;<\/p>\n\n\n\n<p>5.&nbsp;Napad\u00e1n\u00ed rozhodnut\u00ed opatrovnick\u00e9 rady. Rozhodov\u00e1n\u00ed soudu. Z\u00e1v\u011br kurzu a evaluace.<\/p>\n\n\n\n<p>Obrana proti rozhodnut\u00ed opatrovnick\u00e9 rady, &nbsp;kdo se m\u016f\u017ee br\u00e1nit, &nbsp;kdy rozhoduje soud, jak\u00e9 dokumenty je t\u0159eba p\u0159edkl\u00e1dat. Z\u00e1v\u011bre\u010dn\u00e9 shrnut\u00ed obsahu cel\u00e9ho kurzu. Evaluace kurzu.&nbsp;<\/p>\n","protected":false},"excerpt":{"rendered":"<p>C\u00cdLOV\u00c1 SKUPINA Odborn\u00edci v soci\u00e1ln\u00edch slu\u017eb\u00e1ch (soci\u00e1ln\u00ed pracovn\u00edk, v\u010detn\u011b p\u016fsob\u00edc\u00edho a \u00fa\u0159ad\u011b; pracovn\u00edk v soci\u00e1ln\u00ed AKREDITACE 2015\/0012-PC\/SP\/VP\/PP D\u00c9LKA KURZU 5 vyu\u010dovac\u00edch hodin NEJBLI\u017d\u0160\u00cd TERM\u00cdN \u017d\u00e1dn\u00e9 vypsan\u00e9 term\u00edny LEKTO\u0158I Denisa Sla\u0161\u0165anov\u00e1 CENA 1190 K\u010d Semin\u00e1\u0159 je ur\u010den v\u0161em, kte\u0159\u00ed se cht\u011bj\u00ed sezn\u00e1mit s t\u00edm, co je to opatrovnick\u00e1 rada, jakou m\u00e1 funkci, jak vznik\u00e1, jak\u00e9 jsou [&hellip;]<\/p>\n","protected":false},"author":2,"featured_media":0,"parent":25,"menu_order":0,"comment_status":"closed","ping_status":"closed","template":"","meta":{"_et_pb_use_builder":"off","_et_pb_old_content":"","_et_gb_content_width":"1080","footnotes":""},"class_list":["post-57","page","type-page","status-publish","hentry"],"yoast_head":"<!-- This site is optimized with the Yoast SEO plugin v27.5 - https:\/\/yoast.com\/product\/yoast-seo-wordpress\/ -->\n<title>JAK NA OPATROVNICKOU RADU - OD Z\u00c1KLAD\u016e - LLP Vision<\/title>\n<meta name=\"robots\" content=\"index, follow, max-snippet:-1, max-image-preview:large, max-video-preview:-1\" \/>\n<link rel=\"canonical\" href=\"https:\/\/llp.cz\/llpvision\/nabidka\/jak-na-opatrovnickou-radu-od-zakladu\/\" \/>\n<meta property=\"og:locale\" content=\"cs_CZ\" \/>\n<meta property=\"og:type\" content=\"article\" \/>\n<meta property=\"og:title\" content=\"JAK NA OPATROVNICKOU RADU - OD Z\u00c1KLAD\u016e - LLP Vision\" \/>\n<meta property=\"og:description\" content=\"C\u00cdLOV\u00c1 SKUPINA Odborn\u00edci v soci\u00e1ln\u00edch slu\u017eb\u00e1ch (soci\u00e1ln\u00ed pracovn\u00edk, v\u010detn\u011b p\u016fsob\u00edc\u00edho a \u00fa\u0159ad\u011b; pracovn\u00edk v soci\u00e1ln\u00ed AKREDITACE 2015\/0012-PC\/SP\/VP\/PP D\u00c9LKA KURZU 5 vyu\u010dovac\u00edch hodin NEJBLI\u017d\u0160\u00cd TERM\u00cdN \u017d\u00e1dn\u00e9 vypsan\u00e9 term\u00edny LEKTO\u0158I Denisa Sla\u0161\u0165anov\u00e1 CENA 1190 K\u010d Semin\u00e1\u0159 je ur\u010den v\u0161em, kte\u0159\u00ed se cht\u011bj\u00ed sezn\u00e1mit s t\u00edm, co je to opatrovnick\u00e1 rada, jakou m\u00e1 funkci, jak vznik\u00e1, jak\u00e9 jsou [&hellip;]\" \/>\n<meta property=\"og:url\" content=\"https:\/\/llp.cz\/llpvision\/nabidka\/jak-na-opatrovnickou-radu-od-zakladu\/\" \/>\n<meta property=\"og:site_name\" content=\"LLP Vision\" \/>\n<meta name=\"twitter:card\" content=\"summary_large_image\" \/>\n<meta name=\"twitter:label1\" content=\"Odhadovan\u00e1 doba \u010dten\u00ed\" \/>\n\t<meta name=\"twitter:data1\" content=\"2 minuty\" \/>\n<script type=\"application\/ld+json\" class=\"yoast-schema-graph\">{\"@context\":\"https:\\\/\\\/schema.org\",\"@graph\":[{\"@type\":\"WebPage\",\"@id\":\"https:\\\/\\\/llp.cz\\\/llpvision\\\/nabidka\\\/jak-na-opatrovnickou-radu-od-zakladu\\\/\",\"url\":\"https:\\\/\\\/llp.cz\\\/llpvision\\\/nabidka\\\/jak-na-opatrovnickou-radu-od-zakladu\\\/\",\"name\":\"JAK NA OPATROVNICKOU RADU - OD Z\u00c1KLAD\u016e - LLP Vision\",\"isPartOf\":{\"@id\":\"https:\\\/\\\/llp.cz\\\/llpvision\\\/#website\"},\"datePublished\":\"2020-11-18T14:06:46+00:00\",\"breadcrumb\":{\"@id\":\"https:\\\/\\\/llp.cz\\\/llpvision\\\/nabidka\\\/jak-na-opatrovnickou-radu-od-zakladu\\\/#breadcrumb\"},\"inLanguage\":\"cs\",\"potentialAction\":[{\"@type\":\"ReadAction\",\"target\":[\"https:\\\/\\\/llp.cz\\\/llpvision\\\/nabidka\\\/jak-na-opatrovnickou-radu-od-zakladu\\\/\"]}]},{\"@type\":\"BreadcrumbList\",\"@id\":\"https:\\\/\\\/llp.cz\\\/llpvision\\\/nabidka\\\/jak-na-opatrovnickou-radu-od-zakladu\\\/#breadcrumb\",\"itemListElement\":[{\"@type\":\"ListItem\",\"position\":1,\"name\":\"Dom\u016f\",\"item\":\"https:\\\/\\\/llp.cz\\\/llpvision\\\/\"},{\"@type\":\"ListItem\",\"position\":2,\"name\":\"NAB\u00cdDKA\",\"item\":\"https:\\\/\\\/llp.cz\\\/llpvision\\\/?page_id=25\"},{\"@type\":\"ListItem\",\"position\":3,\"name\":\"JAK NA OPATROVNICKOU RADU &#8211; OD Z\u00c1KLAD\u016e\"}]},{\"@type\":\"WebSite\",\"@id\":\"https:\\\/\\\/llp.cz\\\/llpvision\\\/#website\",\"url\":\"https:\\\/\\\/llp.cz\\\/llpvision\\\/\",\"name\":\"LLP Vision\",\"description\":\"Soci\u00e1ln\u00ed podnik Ligy lidsk\u00fdch pr\u00e1v\",\"potentialAction\":[{\"@type\":\"SearchAction\",\"target\":{\"@type\":\"EntryPoint\",\"urlTemplate\":\"https:\\\/\\\/llp.cz\\\/llpvision\\\/?s={search_term_string}\"},\"query-input\":{\"@type\":\"PropertyValueSpecification\",\"valueRequired\":true,\"valueName\":\"search_term_string\"}}],\"inLanguage\":\"cs\"}]}<\/script>\n<!-- \/ Yoast SEO plugin. -->","yoast_head_json":{"title":"JAK NA OPATROVNICKOU RADU - OD Z\u00c1KLAD\u016e - LLP Vision","robots":{"index":"index","follow":"follow","max-snippet":"max-snippet:-1","max-image-preview":"max-image-preview:large","max-video-preview":"max-video-preview:-1"},"canonical":"https:\/\/llp.cz\/llpvision\/nabidka\/jak-na-opatrovnickou-radu-od-zakladu\/","og_locale":"cs_CZ","og_type":"article","og_title":"JAK NA OPATROVNICKOU RADU - OD Z\u00c1KLAD\u016e - LLP Vision","og_description":"C\u00cdLOV\u00c1 SKUPINA Odborn\u00edci v soci\u00e1ln\u00edch slu\u017eb\u00e1ch (soci\u00e1ln\u00ed pracovn\u00edk, v\u010detn\u011b p\u016fsob\u00edc\u00edho a \u00fa\u0159ad\u011b; pracovn\u00edk v soci\u00e1ln\u00ed AKREDITACE 2015\/0012-PC\/SP\/VP\/PP D\u00c9LKA KURZU 5 vyu\u010dovac\u00edch hodin NEJBLI\u017d\u0160\u00cd TERM\u00cdN \u017d\u00e1dn\u00e9 vypsan\u00e9 term\u00edny LEKTO\u0158I Denisa Sla\u0161\u0165anov\u00e1 CENA 1190 K\u010d Semin\u00e1\u0159 je ur\u010den v\u0161em, kte\u0159\u00ed se cht\u011bj\u00ed sezn\u00e1mit s t\u00edm, co je to opatrovnick\u00e1 rada, jakou m\u00e1 funkci, jak vznik\u00e1, jak\u00e9 jsou [&hellip;]","og_url":"https:\/\/llp.cz\/llpvision\/nabidka\/jak-na-opatrovnickou-radu-od-zakladu\/","og_site_name":"LLP Vision","twitter_card":"summary_large_image","twitter_misc":{"Odhadovan\u00e1 doba \u010dten\u00ed":"2 minuty"},"schema":{"@context":"https:\/\/schema.org","@graph":[{"@type":"WebPage","@id":"https:\/\/llp.cz\/llpvision\/nabidka\/jak-na-opatrovnickou-radu-od-zakladu\/","url":"https:\/\/llp.cz\/llpvision\/nabidka\/jak-na-opatrovnickou-radu-od-zakladu\/","name":"JAK NA OPATROVNICKOU RADU - OD Z\u00c1KLAD\u016e - LLP Vision","isPartOf":{"@id":"https:\/\/llp.cz\/llpvision\/#website"},"datePublished":"2020-11-18T14:06:46+00:00","breadcrumb":{"@id":"https:\/\/llp.cz\/llpvision\/nabidka\/jak-na-opatrovnickou-radu-od-zakladu\/#breadcrumb"},"inLanguage":"cs","potentialAction":[{"@type":"ReadAction","target":["https:\/\/llp.cz\/llpvision\/nabidka\/jak-na-opatrovnickou-radu-od-zakladu\/"]}]},{"@type":"BreadcrumbList","@id":"https:\/\/llp.cz\/llpvision\/nabidka\/jak-na-opatrovnickou-radu-od-zakladu\/#breadcrumb","itemListElement":[{"@type":"ListItem","position":1,"name":"Dom\u016f","item":"https:\/\/llp.cz\/llpvision\/"},{"@type":"ListItem","position":2,"name":"NAB\u00cdDKA","item":"https:\/\/llp.cz\/llpvision\/?page_id=25"},{"@type":"ListItem","position":3,"name":"JAK NA OPATROVNICKOU RADU &#8211; OD Z\u00c1KLAD\u016e"}]},{"@type":"WebSite","@id":"https:\/\/llp.cz\/llpvision\/#website","url":"https:\/\/llp.cz\/llpvision\/","name":"LLP Vision","description":"Soci\u00e1ln\u00ed podnik Ligy lidsk\u00fdch pr\u00e1v","potentialAction":[{"@type":"SearchAction","target":{"@type":"EntryPoint","urlTemplate":"https:\/\/llp.cz\/llpvision\/?s={search_term_string}"},"query-input":{"@type":"PropertyValueSpecification","valueRequired":true,"valueName":"search_term_string"}}],"inLanguage":"cs"}]}},"_links":{"self":[{"href":"https:\/\/llp.cz\/llpvision\/wp-json\/wp\/v2\/pages\/57","targetHints":{"allow":["GET"]}}],"collection":[{"href":"https:\/\/llp.cz\/llpvision\/wp-json\/wp\/v2\/pages"}],"about":[{"href":"https:\/\/llp.cz\/llpvision\/wp-json\/wp\/v2\/types\/page"}],"author":[{"embeddable":true,"href":"https:\/\/llp.cz\/llpvision\/wp-json\/wp\/v2\/users\/2"}],"replies":[{"embeddable":true,"href":"https:\/\/llp.cz\/llpvision\/wp-json\/wp\/v2\/comments?post=57"}],"version-history":[{"count":1,"href":"https:\/\/llp.cz\/llpvision\/wp-json\/wp\/v2\/pages\/57\/revisions"}],"predecessor-version":[{"id":58,"href":"https:\/\/llp.cz\/llpvision\/wp-json\/wp\/v2\/pages\/57\/revisions\/58"}],"up":[{"embeddable":true,"href":"https:\/\/llp.cz\/llpvision\/wp-json\/wp\/v2\/pages\/25"}],"wp:attachment":[{"href":"https:\/\/llp.cz\/llpvision\/wp-json\/wp\/v2\/media?parent=57"}],"curies":[{"name":"wp","href":"https:\/\/api.w.org\/{rel}","templated":true}]}}