{"id":55,"date":"2020-11-18T15:06:01","date_gmt":"2020-11-18T14:06:01","guid":{"rendered":"http:\/\/llp.cz\/llpvision\/?page_id=55"},"modified":"2020-11-18T15:06:02","modified_gmt":"2020-11-18T14:06:02","slug":"rozhoduji-za-sebe-aneb-problematika-svepravnosti-v-novem-obcanskem-zakoniku","status":"publish","type":"page","link":"https:\/\/llp.cz\/llpvision\/nabidka\/rozhoduji-za-sebe-aneb-problematika-svepravnosti-v-novem-obcanskem-zakoniku\/","title":{"rendered":"ROZHODUJI ZA SEBE ANEB PROBLEMATIKA SV\u00c9PR\u00c1VNOSTI V NOV\u00c9M OB\u010cANSK\u00c9M Z\u00c1KON\u00cdKU"},"content":{"rendered":"\n<h3 class=\"wp-block-heading\">C\u00cdLOV\u00c1 SKUPINA<\/h3>\n\n\n\n<p>Odborn\u00edci v soci\u00e1ln\u00edch slu\u017eb\u00e1ch, opatrovn\u00edci i pe\u010duj\u00edc\u00ed osoby<\/p>\n\n\n\n<h3 class=\"wp-block-heading\">AKREDITACE<\/h3>\n\n\n\n<p>MPSV pod \u010d. 2013\/0034-PC\/SP\/VP<\/p>\n\n\n\n<h3 class=\"wp-block-heading\">D\u00c9LKA KURZU<\/h3>\n\n\n\n<p>8 vyu\u010dovac\u00edch hodin<\/p>\n\n\n\n<h3 class=\"wp-block-heading\">NEJBLI\u017d\u0160\u00cd TERM\u00cdN<\/h3>\n\n\n\n<p>\u017d\u00e1dn\u00e9 vypsan\u00e9 term\u00edny<\/p>\n\n\n\n<h3 class=\"wp-block-heading\">LEKTO\u0158I<\/h3>\n\n\n\n<p><a href=\"http:\/\/www.llpvision.cz\/cs\/lektori\/denisa-slastanova-4\">Denisa Sla\u0161\u0165anov\u00e1<\/a>,&nbsp;<a href=\"http:\/\/www.llpvision.cz\/cs\/lektori\/alena-sokolova-6\">Alena Sokolov\u00e1<\/a><\/p>\n\n\n\n<h3 class=\"wp-block-heading\">CENA<\/h3>\n\n\n\n<p>1490 K\u010d<\/p>\n\n\n\n<p>Nov\u00e1 pr\u00e1vn\u00ed \u00faprava sv\u00e9pr\u00e1vnosti a opatrovnictv\u00ed p\u0159inesla mno\u017estv\u00ed z\u00e1sadn\u00edch zm\u011bn a my se jim spole\u010dn\u011b budeme v\u011bnovat. Do v\u0161ech detail\u016f a prakticky. Jak se vlastn\u011b zm\u011bnil statut osoby s omezenou sv\u00e9pr\u00e1vnost\u00ed? Jak se zm\u011bnily podm\u00ednky pro omezen\u00ed sv\u00e9pr\u00e1vnosti? Co d\u011blat se star\u00fdmi rozhodnut\u00edmi? Jak dos\u00e1hnout zm\u011bny na n\u011bkterou z nov\u00fdch alternativ? A jak s nimi v\u016fbec zach\u00e1zet?<\/p>\n\n\n\n<p>Zaj\u00edm\u00e1 v\u00e1s, jak\u00e9 je po reform\u011b postaven\u00ed ve\u0159ejn\u00e9ho opatrovn\u00edka? Jak\u00e9 jsou jeho nov\u011b stanoven\u00e9 povinnosti a pravomoci? Kter\u00e9 jeho jedn\u00e1n\u00ed podl\u00e9h\u00e1 souhlasu soudu? Co je to opatrovnick\u00e1 rada? P\u0159ij\u010fte se dozv\u011bd\u011bt od na\u0161ich odborn\u00edk\u016f v\u00edce, a\u0165 se dob\u0159e orientujete ve zm\u011bn\u00e1ch.<\/p>\n\n\n\n<figure class=\"wp-block-image\"><img decoding=\"async\" src=\"http:\/\/www.llpvision.cz\/www\/data\/user\/Image3.jpg\" alt=\"\"\/><\/figure>\n\n\n\n<h2 class=\"wp-block-heading\">N\u00c1PL\u0147 KURZU<\/h2>\n\n\n\n<ol class=\"wp-block-list\"><li>Zm\u011bny v n\u00e1hledu na osoby se zdravotn\u00edm posti\u017een\u00edm<\/li><li>Nov\u00e9 mo\u017enosti rozhodov\u00e1n\u00ed osob se zdravotn\u00edm posti\u017een\u00edm \u2013 n\u00e1hradn\u00ed<br>a podporovan\u00e9 rozhodov\u00e1n\u00ed<\/li><li>Omezen\u00ed sv\u00e9pr\u00e1vnosti<\/li><li>Nov\u00e9 alternativy k omezen\u00ed sv\u00e9pr\u00e1vnosti &#8211; co stanov\u00ed legislativa a jak funguj\u00ed v praxi<\/li><li>Opatrovnictv\u00ed a opatrovnick\u00e1 rada<\/li><li>Pl\u00e1nujeme pro budoucnost aneb na co myslet a za\u0159\u00eddit ji\u017e nyn\u00ed<\/li><\/ol>\n","protected":false},"excerpt":{"rendered":"<p>C\u00cdLOV\u00c1 SKUPINA Odborn\u00edci v soci\u00e1ln\u00edch slu\u017eb\u00e1ch, opatrovn\u00edci i pe\u010duj\u00edc\u00ed osoby AKREDITACE MPSV pod \u010d. 2013\/0034-PC\/SP\/VP D\u00c9LKA KURZU 8 vyu\u010dovac\u00edch hodin NEJBLI\u017d\u0160\u00cd TERM\u00cdN \u017d\u00e1dn\u00e9 vypsan\u00e9 term\u00edny LEKTO\u0158I Denisa Sla\u0161\u0165anov\u00e1,&nbsp;Alena Sokolov\u00e1 CENA 1490 K\u010d Nov\u00e1 pr\u00e1vn\u00ed \u00faprava sv\u00e9pr\u00e1vnosti a opatrovnictv\u00ed p\u0159inesla mno\u017estv\u00ed z\u00e1sadn\u00edch zm\u011bn a my se jim spole\u010dn\u011b budeme v\u011bnovat. Do v\u0161ech detail\u016f a prakticky. Jak [&hellip;]<\/p>\n","protected":false},"author":2,"featured_media":0,"parent":25,"menu_order":0,"comment_status":"closed","ping_status":"closed","template":"","meta":{"_et_pb_use_builder":"off","_et_pb_old_content":"","_et_gb_content_width":"1080","footnotes":""},"class_list":["post-55","page","type-page","status-publish","hentry"],"yoast_head":"<!-- This site is optimized with the Yoast SEO plugin v27.5 - https:\/\/yoast.com\/product\/yoast-seo-wordpress\/ -->\n<title>ROZHODUJI ZA SEBE ANEB PROBLEMATIKA SV\u00c9PR\u00c1VNOSTI V NOV\u00c9M OB\u010cANSK\u00c9M Z\u00c1KON\u00cdKU - LLP Vision<\/title>\n<meta name=\"robots\" content=\"index, follow, max-snippet:-1, max-image-preview:large, max-video-preview:-1\" \/>\n<link rel=\"canonical\" href=\"https:\/\/llp.cz\/llpvision\/nabidka\/rozhoduji-za-sebe-aneb-problematika-svepravnosti-v-novem-obcanskem-zakoniku\/\" \/>\n<meta property=\"og:locale\" content=\"cs_CZ\" \/>\n<meta property=\"og:type\" content=\"article\" \/>\n<meta property=\"og:title\" content=\"ROZHODUJI ZA SEBE ANEB PROBLEMATIKA SV\u00c9PR\u00c1VNOSTI V NOV\u00c9M OB\u010cANSK\u00c9M Z\u00c1KON\u00cdKU - LLP Vision\" \/>\n<meta property=\"og:description\" content=\"C\u00cdLOV\u00c1 SKUPINA Odborn\u00edci v soci\u00e1ln\u00edch slu\u017eb\u00e1ch, opatrovn\u00edci i pe\u010duj\u00edc\u00ed osoby AKREDITACE MPSV pod \u010d. 2013\/0034-PC\/SP\/VP D\u00c9LKA KURZU 8 vyu\u010dovac\u00edch hodin NEJBLI\u017d\u0160\u00cd TERM\u00cdN \u017d\u00e1dn\u00e9 vypsan\u00e9 term\u00edny LEKTO\u0158I Denisa Sla\u0161\u0165anov\u00e1,&nbsp;Alena Sokolov\u00e1 CENA 1490 K\u010d Nov\u00e1 pr\u00e1vn\u00ed \u00faprava sv\u00e9pr\u00e1vnosti a opatrovnictv\u00ed p\u0159inesla mno\u017estv\u00ed z\u00e1sadn\u00edch zm\u011bn a my se jim spole\u010dn\u011b budeme v\u011bnovat. Do v\u0161ech detail\u016f a prakticky. Jak [&hellip;]\" \/>\n<meta property=\"og:url\" content=\"https:\/\/llp.cz\/llpvision\/nabidka\/rozhoduji-za-sebe-aneb-problematika-svepravnosti-v-novem-obcanskem-zakoniku\/\" \/>\n<meta property=\"og:site_name\" content=\"LLP Vision\" \/>\n<meta property=\"article:modified_time\" content=\"2020-11-18T14:06:02+00:00\" \/>\n<meta property=\"og:image\" content=\"http:\/\/www.llpvision.cz\/www\/data\/user\/Image3.jpg\" \/>\n<meta name=\"twitter:card\" content=\"summary_large_image\" \/>\n<meta name=\"twitter:label1\" content=\"Odhadovan\u00e1 doba \u010dten\u00ed\" \/>\n\t<meta name=\"twitter:data1\" content=\"1 minuta\" \/>\n<script type=\"application\/ld+json\" class=\"yoast-schema-graph\">{\"@context\":\"https:\\\/\\\/schema.org\",\"@graph\":[{\"@type\":\"WebPage\",\"@id\":\"https:\\\/\\\/llp.cz\\\/llpvision\\\/nabidka\\\/rozhoduji-za-sebe-aneb-problematika-svepravnosti-v-novem-obcanskem-zakoniku\\\/\",\"url\":\"https:\\\/\\\/llp.cz\\\/llpvision\\\/nabidka\\\/rozhoduji-za-sebe-aneb-problematika-svepravnosti-v-novem-obcanskem-zakoniku\\\/\",\"name\":\"ROZHODUJI ZA SEBE ANEB PROBLEMATIKA SV\u00c9PR\u00c1VNOSTI V NOV\u00c9M OB\u010cANSK\u00c9M Z\u00c1KON\u00cdKU - LLP Vision\",\"isPartOf\":{\"@id\":\"https:\\\/\\\/llp.cz\\\/llpvision\\\/#website\"},\"primaryImageOfPage\":{\"@id\":\"https:\\\/\\\/llp.cz\\\/llpvision\\\/nabidka\\\/rozhoduji-za-sebe-aneb-problematika-svepravnosti-v-novem-obcanskem-zakoniku\\\/#primaryimage\"},\"image\":{\"@id\":\"https:\\\/\\\/llp.cz\\\/llpvision\\\/nabidka\\\/rozhoduji-za-sebe-aneb-problematika-svepravnosti-v-novem-obcanskem-zakoniku\\\/#primaryimage\"},\"thumbnailUrl\":\"http:\\\/\\\/www.llpvision.cz\\\/www\\\/data\\\/user\\\/Image3.jpg\",\"datePublished\":\"2020-11-18T14:06:01+00:00\",\"dateModified\":\"2020-11-18T14:06:02+00:00\",\"breadcrumb\":{\"@id\":\"https:\\\/\\\/llp.cz\\\/llpvision\\\/nabidka\\\/rozhoduji-za-sebe-aneb-problematika-svepravnosti-v-novem-obcanskem-zakoniku\\\/#breadcrumb\"},\"inLanguage\":\"cs\",\"potentialAction\":[{\"@type\":\"ReadAction\",\"target\":[\"https:\\\/\\\/llp.cz\\\/llpvision\\\/nabidka\\\/rozhoduji-za-sebe-aneb-problematika-svepravnosti-v-novem-obcanskem-zakoniku\\\/\"]}]},{\"@type\":\"ImageObject\",\"inLanguage\":\"cs\",\"@id\":\"https:\\\/\\\/llp.cz\\\/llpvision\\\/nabidka\\\/rozhoduji-za-sebe-aneb-problematika-svepravnosti-v-novem-obcanskem-zakoniku\\\/#primaryimage\",\"url\":\"http:\\\/\\\/www.llpvision.cz\\\/www\\\/data\\\/user\\\/Image3.jpg\",\"contentUrl\":\"http:\\\/\\\/www.llpvision.cz\\\/www\\\/data\\\/user\\\/Image3.jpg\"},{\"@type\":\"BreadcrumbList\",\"@id\":\"https:\\\/\\\/llp.cz\\\/llpvision\\\/nabidka\\\/rozhoduji-za-sebe-aneb-problematika-svepravnosti-v-novem-obcanskem-zakoniku\\\/#breadcrumb\",\"itemListElement\":[{\"@type\":\"ListItem\",\"position\":1,\"name\":\"Dom\u016f\",\"item\":\"https:\\\/\\\/llp.cz\\\/llpvision\\\/\"},{\"@type\":\"ListItem\",\"position\":2,\"name\":\"NAB\u00cdDKA\",\"item\":\"https:\\\/\\\/llp.cz\\\/llpvision\\\/?page_id=25\"},{\"@type\":\"ListItem\",\"position\":3,\"name\":\"ROZHODUJI ZA SEBE ANEB PROBLEMATIKA SV\u00c9PR\u00c1VNOSTI V NOV\u00c9M OB\u010cANSK\u00c9M Z\u00c1KON\u00cdKU\"}]},{\"@type\":\"WebSite\",\"@id\":\"https:\\\/\\\/llp.cz\\\/llpvision\\\/#website\",\"url\":\"https:\\\/\\\/llp.cz\\\/llpvision\\\/\",\"name\":\"LLP Vision\",\"description\":\"Soci\u00e1ln\u00ed podnik Ligy lidsk\u00fdch pr\u00e1v\",\"potentialAction\":[{\"@type\":\"SearchAction\",\"target\":{\"@type\":\"EntryPoint\",\"urlTemplate\":\"https:\\\/\\\/llp.cz\\\/llpvision\\\/?s={search_term_string}\"},\"query-input\":{\"@type\":\"PropertyValueSpecification\",\"valueRequired\":true,\"valueName\":\"search_term_string\"}}],\"inLanguage\":\"cs\"}]}<\/script>\n<!-- \/ Yoast SEO plugin. -->","yoast_head_json":{"title":"ROZHODUJI ZA SEBE ANEB PROBLEMATIKA SV\u00c9PR\u00c1VNOSTI V NOV\u00c9M OB\u010cANSK\u00c9M Z\u00c1KON\u00cdKU - LLP Vision","robots":{"index":"index","follow":"follow","max-snippet":"max-snippet:-1","max-image-preview":"max-image-preview:large","max-video-preview":"max-video-preview:-1"},"canonical":"https:\/\/llp.cz\/llpvision\/nabidka\/rozhoduji-za-sebe-aneb-problematika-svepravnosti-v-novem-obcanskem-zakoniku\/","og_locale":"cs_CZ","og_type":"article","og_title":"ROZHODUJI ZA SEBE ANEB PROBLEMATIKA SV\u00c9PR\u00c1VNOSTI V NOV\u00c9M OB\u010cANSK\u00c9M Z\u00c1KON\u00cdKU - LLP Vision","og_description":"C\u00cdLOV\u00c1 SKUPINA Odborn\u00edci v soci\u00e1ln\u00edch slu\u017eb\u00e1ch, opatrovn\u00edci i pe\u010duj\u00edc\u00ed osoby AKREDITACE MPSV pod \u010d. 2013\/0034-PC\/SP\/VP D\u00c9LKA KURZU 8 vyu\u010dovac\u00edch hodin NEJBLI\u017d\u0160\u00cd TERM\u00cdN \u017d\u00e1dn\u00e9 vypsan\u00e9 term\u00edny LEKTO\u0158I Denisa Sla\u0161\u0165anov\u00e1,&nbsp;Alena Sokolov\u00e1 CENA 1490 K\u010d Nov\u00e1 pr\u00e1vn\u00ed \u00faprava sv\u00e9pr\u00e1vnosti a opatrovnictv\u00ed p\u0159inesla mno\u017estv\u00ed z\u00e1sadn\u00edch zm\u011bn a my se jim spole\u010dn\u011b budeme v\u011bnovat. Do v\u0161ech detail\u016f a prakticky. Jak [&hellip;]","og_url":"https:\/\/llp.cz\/llpvision\/nabidka\/rozhoduji-za-sebe-aneb-problematika-svepravnosti-v-novem-obcanskem-zakoniku\/","og_site_name":"LLP Vision","article_modified_time":"2020-11-18T14:06:02+00:00","og_image":[{"url":"http:\/\/www.llpvision.cz\/www\/data\/user\/Image3.jpg","type":"","width":"","height":""}],"twitter_card":"summary_large_image","twitter_misc":{"Odhadovan\u00e1 doba \u010dten\u00ed":"1 minuta"},"schema":{"@context":"https:\/\/schema.org","@graph":[{"@type":"WebPage","@id":"https:\/\/llp.cz\/llpvision\/nabidka\/rozhoduji-za-sebe-aneb-problematika-svepravnosti-v-novem-obcanskem-zakoniku\/","url":"https:\/\/llp.cz\/llpvision\/nabidka\/rozhoduji-za-sebe-aneb-problematika-svepravnosti-v-novem-obcanskem-zakoniku\/","name":"ROZHODUJI ZA SEBE ANEB PROBLEMATIKA SV\u00c9PR\u00c1VNOSTI V NOV\u00c9M OB\u010cANSK\u00c9M Z\u00c1KON\u00cdKU - LLP Vision","isPartOf":{"@id":"https:\/\/llp.cz\/llpvision\/#website"},"primaryImageOfPage":{"@id":"https:\/\/llp.cz\/llpvision\/nabidka\/rozhoduji-za-sebe-aneb-problematika-svepravnosti-v-novem-obcanskem-zakoniku\/#primaryimage"},"image":{"@id":"https:\/\/llp.cz\/llpvision\/nabidka\/rozhoduji-za-sebe-aneb-problematika-svepravnosti-v-novem-obcanskem-zakoniku\/#primaryimage"},"thumbnailUrl":"http:\/\/www.llpvision.cz\/www\/data\/user\/Image3.jpg","datePublished":"2020-11-18T14:06:01+00:00","dateModified":"2020-11-18T14:06:02+00:00","breadcrumb":{"@id":"https:\/\/llp.cz\/llpvision\/nabidka\/rozhoduji-za-sebe-aneb-problematika-svepravnosti-v-novem-obcanskem-zakoniku\/#breadcrumb"},"inLanguage":"cs","potentialAction":[{"@type":"ReadAction","target":["https:\/\/llp.cz\/llpvision\/nabidka\/rozhoduji-za-sebe-aneb-problematika-svepravnosti-v-novem-obcanskem-zakoniku\/"]}]},{"@type":"ImageObject","inLanguage":"cs","@id":"https:\/\/llp.cz\/llpvision\/nabidka\/rozhoduji-za-sebe-aneb-problematika-svepravnosti-v-novem-obcanskem-zakoniku\/#primaryimage","url":"http:\/\/www.llpvision.cz\/www\/data\/user\/Image3.jpg","contentUrl":"http:\/\/www.llpvision.cz\/www\/data\/user\/Image3.jpg"},{"@type":"BreadcrumbList","@id":"https:\/\/llp.cz\/llpvision\/nabidka\/rozhoduji-za-sebe-aneb-problematika-svepravnosti-v-novem-obcanskem-zakoniku\/#breadcrumb","itemListElement":[{"@type":"ListItem","position":1,"name":"Dom\u016f","item":"https:\/\/llp.cz\/llpvision\/"},{"@type":"ListItem","position":2,"name":"NAB\u00cdDKA","item":"https:\/\/llp.cz\/llpvision\/?page_id=25"},{"@type":"ListItem","position":3,"name":"ROZHODUJI ZA SEBE ANEB PROBLEMATIKA SV\u00c9PR\u00c1VNOSTI V NOV\u00c9M OB\u010cANSK\u00c9M Z\u00c1KON\u00cdKU"}]},{"@type":"WebSite","@id":"https:\/\/llp.cz\/llpvision\/#website","url":"https:\/\/llp.cz\/llpvision\/","name":"LLP Vision","description":"Soci\u00e1ln\u00ed podnik Ligy lidsk\u00fdch pr\u00e1v","potentialAction":[{"@type":"SearchAction","target":{"@type":"EntryPoint","urlTemplate":"https:\/\/llp.cz\/llpvision\/?s={search_term_string}"},"query-input":{"@type":"PropertyValueSpecification","valueRequired":true,"valueName":"search_term_string"}}],"inLanguage":"cs"}]}},"_links":{"self":[{"href":"https:\/\/llp.cz\/llpvision\/wp-json\/wp\/v2\/pages\/55","targetHints":{"allow":["GET"]}}],"collection":[{"href":"https:\/\/llp.cz\/llpvision\/wp-json\/wp\/v2\/pages"}],"about":[{"href":"https:\/\/llp.cz\/llpvision\/wp-json\/wp\/v2\/types\/page"}],"author":[{"embeddable":true,"href":"https:\/\/llp.cz\/llpvision\/wp-json\/wp\/v2\/users\/2"}],"replies":[{"embeddable":true,"href":"https:\/\/llp.cz\/llpvision\/wp-json\/wp\/v2\/comments?post=55"}],"version-history":[{"count":1,"href":"https:\/\/llp.cz\/llpvision\/wp-json\/wp\/v2\/pages\/55\/revisions"}],"predecessor-version":[{"id":56,"href":"https:\/\/llp.cz\/llpvision\/wp-json\/wp\/v2\/pages\/55\/revisions\/56"}],"up":[{"embeddable":true,"href":"https:\/\/llp.cz\/llpvision\/wp-json\/wp\/v2\/pages\/25"}],"wp:attachment":[{"href":"https:\/\/llp.cz\/llpvision\/wp-json\/wp\/v2\/media?parent=55"}],"curies":[{"name":"wp","href":"https:\/\/api.w.org\/{rel}","templated":true}]}}