{"id":82,"date":"2016-12-01T15:15:09","date_gmt":"2016-12-01T14:15:09","guid":{"rendered":"http:\/\/llp.cz\/ferove-vysetrovani\/?page_id=82"},"modified":"2017-03-27T18:56:33","modified_gmt":"2017-03-27T16:56:33","slug":"o-projektu","status":"publish","type":"page","link":"https:\/\/llp.cz\/ferove-vysetrovani\/o-projektu\/","title":{"rendered":"O projektu"},"content":{"rendered":"<p>[et_pb_section bb_built=&#8220;1&#8243; admin_label=&#8220;section&#8220;][et_pb_row admin_label=&#8220;row&#8220;][et_pb_column type=&#8220;2_3&#8243;][et_pb_text admin_label=&#8220;Text&#8220; background_layout=&#8220;light&#8220; text_orientation=&#8220;left&#8220; use_border_color=&#8220;off&#8220; border_color=&#8220;#ffffff&#8220; border_style=&#8220;solid&#8220;]<\/p>\n<h2>O PROJEKTU<\/h2>\n<p>&nbsp;<\/p>\n<p><strong>Tento web vznikl v\u00a0r\u00e1mci projektu<\/strong> na t\u00e9ma <em>Region\u00e1ln\u00ed v\u00fdzkum \u00fa\u010dinnosti trestn\u00edho st\u00edh\u00e1n\u00ed \u0161patn\u00e9ho zach\u00e1zen\u00ed (Regional research into the effective prosecution of ill-treatment), <\/em>jeho\u017e koordin\u00e1torem byl Ma\u010farsk\u00fd helsinsk\u00fd v\u00fdbor a <strong>kter\u00fd byl financov\u00e1n nadac\u00ed<\/strong> <strong>Open Society Foundations<\/strong>.<\/p>\n<p>Obsah webu je v\u00fdhradn\u00ed odpov\u011bdnost\u00ed Ligy lidsk\u00fdch pr\u00e1v a v\u00a0\u017e\u00e1dn\u00e9m p\u0159\u00edpad\u011b nemus\u00ed odr\u00e1\u017eet n\u00e1zory Open Society Foundations.<\/p>\n<p>[\/et_pb_text][\/et_pb_column][et_pb_column type=&#8220;1_3&#8243;][et_pb_image admin_label=&#8220;Obr\u00e1zek&#8220; src=&#8220;http:\/\/llp.cz\/ferove-vysetrovani\/wp-content\/uploads\/sites\/2\/2017\/03\/OSF_logo_RGB.jpeg&#8220; animation=&#8220;off&#8220; align=&#8220;center&#8220; force_fullwidth=&#8220;on&#8220; custom_margin=&#8220;2cm|||&#8220; \/][\/et_pb_column][\/et_pb_row][\/et_pb_section]<\/p>\n","protected":false},"excerpt":{"rendered":"<p>O PROJEKTU &nbsp; Tento web vznikl v\u00a0r\u00e1mci projektu na t\u00e9ma Region\u00e1ln\u00ed v\u00fdzkum \u00fa\u010dinnosti trestn\u00edho st\u00edh\u00e1n\u00ed \u0161patn\u00e9ho zach\u00e1zen\u00ed (Regional research into the effective prosecution of ill-treatment), jeho\u017e koordin\u00e1torem byl Ma\u010farsk\u00fd helsinsk\u00fd v\u00fdbor a kter\u00fd byl financov\u00e1n nadac\u00ed Open Society Foundations. Obsah webu je v\u00fdhradn\u00ed odpov\u011bdnost\u00ed Ligy lidsk\u00fdch pr\u00e1v a v\u00a0\u017e\u00e1dn\u00e9m p\u0159\u00edpad\u011b nemus\u00ed odr\u00e1\u017eet n\u00e1zory Open Society [&hellip;]<\/p>\n","protected":false},"author":2,"featured_media":0,"parent":0,"menu_order":0,"comment_status":"closed","ping_status":"closed","template":"","meta":{"_et_pb_use_builder":"on","_et_pb_old_content":"","_et_gb_content_width":"","footnotes":""},"class_list":["post-82","page","type-page","status-publish","hentry"],"yoast_head":"<!-- This site is optimized with the Yoast SEO plugin v27.4 - https:\/\/yoast.com\/product\/yoast-seo-wordpress\/ -->\n<title>O projektu - F\u00e9rov\u00e9 vy\u0161et\u0159ov\u00e1n\u00ed<\/title>\n<meta name=\"robots\" content=\"index, follow, max-snippet:-1, max-image-preview:large, max-video-preview:-1\" \/>\n<link rel=\"canonical\" href=\"https:\/\/llp.cz\/ferove-vysetrovani\/o-projektu\/\" \/>\n<meta property=\"og:locale\" content=\"cs_CZ\" \/>\n<meta property=\"og:type\" content=\"article\" \/>\n<meta property=\"og:title\" content=\"O projektu - F\u00e9rov\u00e9 vy\u0161et\u0159ov\u00e1n\u00ed\" \/>\n<meta property=\"og:description\" content=\"O PROJEKTU &nbsp; Tento web vznikl v\u00a0r\u00e1mci projektu na t\u00e9ma Region\u00e1ln\u00ed v\u00fdzkum \u00fa\u010dinnosti trestn\u00edho st\u00edh\u00e1n\u00ed \u0161patn\u00e9ho zach\u00e1zen\u00ed (Regional research into the effective prosecution of ill-treatment), jeho\u017e koordin\u00e1torem byl Ma\u010farsk\u00fd helsinsk\u00fd v\u00fdbor a kter\u00fd byl financov\u00e1n nadac\u00ed Open Society Foundations. Obsah webu je v\u00fdhradn\u00ed odpov\u011bdnost\u00ed Ligy lidsk\u00fdch pr\u00e1v a v\u00a0\u017e\u00e1dn\u00e9m p\u0159\u00edpad\u011b nemus\u00ed odr\u00e1\u017eet n\u00e1zory Open Society [&hellip;]\" \/>\n<meta property=\"og:url\" content=\"https:\/\/llp.cz\/ferove-vysetrovani\/o-projektu\/\" \/>\n<meta property=\"og:site_name\" content=\"F\u00e9rov\u00e9 vy\u0161et\u0159ov\u00e1n\u00ed\" \/>\n<meta property=\"article:modified_time\" content=\"2017-03-27T16:56:33+00:00\" \/>\n<meta name=\"twitter:card\" content=\"summary_large_image\" \/>\n<meta name=\"twitter:label1\" content=\"Odhadovan\u00e1 doba \u010dten\u00ed\" \/>\n\t<meta name=\"twitter:data1\" content=\"1 minuta\" \/>\n<script type=\"application\/ld+json\" class=\"yoast-schema-graph\">{\"@context\":\"https:\\\/\\\/schema.org\",\"@graph\":[{\"@type\":\"WebPage\",\"@id\":\"https:\\\/\\\/llp.cz\\\/ferove-vysetrovani\\\/o-projektu\\\/\",\"url\":\"https:\\\/\\\/llp.cz\\\/ferove-vysetrovani\\\/o-projektu\\\/\",\"name\":\"O projektu - F\u00e9rov\u00e9 vy\u0161et\u0159ov\u00e1n\u00ed\",\"isPartOf\":{\"@id\":\"https:\\\/\\\/llp.cz\\\/ferove-vysetrovani\\\/#website\"},\"datePublished\":\"2016-12-01T14:15:09+00:00\",\"dateModified\":\"2017-03-27T16:56:33+00:00\",\"breadcrumb\":{\"@id\":\"https:\\\/\\\/llp.cz\\\/ferove-vysetrovani\\\/o-projektu\\\/#breadcrumb\"},\"inLanguage\":\"cs\",\"potentialAction\":[{\"@type\":\"ReadAction\",\"target\":[\"https:\\\/\\\/llp.cz\\\/ferove-vysetrovani\\\/o-projektu\\\/\"]}]},{\"@type\":\"BreadcrumbList\",\"@id\":\"https:\\\/\\\/llp.cz\\\/ferove-vysetrovani\\\/o-projektu\\\/#breadcrumb\",\"itemListElement\":[{\"@type\":\"ListItem\",\"position\":1,\"name\":\"Dom\u016f\",\"item\":\"https:\\\/\\\/llp.cz\\\/ferove-vysetrovani\\\/\"},{\"@type\":\"ListItem\",\"position\":2,\"name\":\"O projektu\"}]},{\"@type\":\"WebSite\",\"@id\":\"https:\\\/\\\/llp.cz\\\/ferove-vysetrovani\\\/#website\",\"url\":\"https:\\\/\\\/llp.cz\\\/ferove-vysetrovani\\\/\",\"name\":\"F\u00e9rov\u00e9 vy\u0161et\u0159ov\u00e1n\u00ed\",\"description\":\"\",\"potentialAction\":[{\"@type\":\"SearchAction\",\"target\":{\"@type\":\"EntryPoint\",\"urlTemplate\":\"https:\\\/\\\/llp.cz\\\/ferove-vysetrovani\\\/?s={search_term_string}\"},\"query-input\":{\"@type\":\"PropertyValueSpecification\",\"valueRequired\":true,\"valueName\":\"search_term_string\"}}],\"inLanguage\":\"cs\"}]}<\/script>\n<!-- \/ Yoast SEO plugin. -->","yoast_head_json":{"title":"O projektu - F\u00e9rov\u00e9 vy\u0161et\u0159ov\u00e1n\u00ed","robots":{"index":"index","follow":"follow","max-snippet":"max-snippet:-1","max-image-preview":"max-image-preview:large","max-video-preview":"max-video-preview:-1"},"canonical":"https:\/\/llp.cz\/ferove-vysetrovani\/o-projektu\/","og_locale":"cs_CZ","og_type":"article","og_title":"O projektu - F\u00e9rov\u00e9 vy\u0161et\u0159ov\u00e1n\u00ed","og_description":"O PROJEKTU &nbsp; Tento web vznikl v\u00a0r\u00e1mci projektu na t\u00e9ma Region\u00e1ln\u00ed v\u00fdzkum \u00fa\u010dinnosti trestn\u00edho st\u00edh\u00e1n\u00ed \u0161patn\u00e9ho zach\u00e1zen\u00ed (Regional research into the effective prosecution of ill-treatment), jeho\u017e koordin\u00e1torem byl Ma\u010farsk\u00fd helsinsk\u00fd v\u00fdbor a kter\u00fd byl financov\u00e1n nadac\u00ed Open Society Foundations. Obsah webu je v\u00fdhradn\u00ed odpov\u011bdnost\u00ed Ligy lidsk\u00fdch pr\u00e1v a v\u00a0\u017e\u00e1dn\u00e9m p\u0159\u00edpad\u011b nemus\u00ed odr\u00e1\u017eet n\u00e1zory Open Society [&hellip;]","og_url":"https:\/\/llp.cz\/ferove-vysetrovani\/o-projektu\/","og_site_name":"F\u00e9rov\u00e9 vy\u0161et\u0159ov\u00e1n\u00ed","article_modified_time":"2017-03-27T16:56:33+00:00","twitter_card":"summary_large_image","twitter_misc":{"Odhadovan\u00e1 doba \u010dten\u00ed":"1 minuta"},"schema":{"@context":"https:\/\/schema.org","@graph":[{"@type":"WebPage","@id":"https:\/\/llp.cz\/ferove-vysetrovani\/o-projektu\/","url":"https:\/\/llp.cz\/ferove-vysetrovani\/o-projektu\/","name":"O projektu - F\u00e9rov\u00e9 vy\u0161et\u0159ov\u00e1n\u00ed","isPartOf":{"@id":"https:\/\/llp.cz\/ferove-vysetrovani\/#website"},"datePublished":"2016-12-01T14:15:09+00:00","dateModified":"2017-03-27T16:56:33+00:00","breadcrumb":{"@id":"https:\/\/llp.cz\/ferove-vysetrovani\/o-projektu\/#breadcrumb"},"inLanguage":"cs","potentialAction":[{"@type":"ReadAction","target":["https:\/\/llp.cz\/ferove-vysetrovani\/o-projektu\/"]}]},{"@type":"BreadcrumbList","@id":"https:\/\/llp.cz\/ferove-vysetrovani\/o-projektu\/#breadcrumb","itemListElement":[{"@type":"ListItem","position":1,"name":"Dom\u016f","item":"https:\/\/llp.cz\/ferove-vysetrovani\/"},{"@type":"ListItem","position":2,"name":"O projektu"}]},{"@type":"WebSite","@id":"https:\/\/llp.cz\/ferove-vysetrovani\/#website","url":"https:\/\/llp.cz\/ferove-vysetrovani\/","name":"F\u00e9rov\u00e9 vy\u0161et\u0159ov\u00e1n\u00ed","description":"","potentialAction":[{"@type":"SearchAction","target":{"@type":"EntryPoint","urlTemplate":"https:\/\/llp.cz\/ferove-vysetrovani\/?s={search_term_string}"},"query-input":{"@type":"PropertyValueSpecification","valueRequired":true,"valueName":"search_term_string"}}],"inLanguage":"cs"}]}},"_links":{"self":[{"href":"https:\/\/llp.cz\/ferove-vysetrovani\/wp-json\/wp\/v2\/pages\/82","targetHints":{"allow":["GET"]}}],"collection":[{"href":"https:\/\/llp.cz\/ferove-vysetrovani\/wp-json\/wp\/v2\/pages"}],"about":[{"href":"https:\/\/llp.cz\/ferove-vysetrovani\/wp-json\/wp\/v2\/types\/page"}],"author":[{"embeddable":true,"href":"https:\/\/llp.cz\/ferove-vysetrovani\/wp-json\/wp\/v2\/users\/2"}],"replies":[{"embeddable":true,"href":"https:\/\/llp.cz\/ferove-vysetrovani\/wp-json\/wp\/v2\/comments?post=82"}],"version-history":[{"count":18,"href":"https:\/\/llp.cz\/ferove-vysetrovani\/wp-json\/wp\/v2\/pages\/82\/revisions"}],"predecessor-version":[{"id":742,"href":"https:\/\/llp.cz\/ferove-vysetrovani\/wp-json\/wp\/v2\/pages\/82\/revisions\/742"}],"wp:attachment":[{"href":"https:\/\/llp.cz\/ferove-vysetrovani\/wp-json\/wp\/v2\/media?parent=82"}],"curies":[{"name":"wp","href":"https:\/\/api.w.org\/{rel}","templated":true}]}}