{"id":51,"date":"2016-12-01T14:38:40","date_gmt":"2016-12-01T13:38:40","guid":{"rendered":"http:\/\/llp.cz\/ferove-vysetrovani\/?page_id=51"},"modified":"2020-11-24T16:13:36","modified_gmt":"2020-11-24T15:13:36","slug":"ke-stazeni","status":"publish","type":"page","link":"https:\/\/llp.cz\/ferove-vysetrovani\/ke-stazeni\/","title":{"rendered":"Ke sta\u017een\u00ed"},"content":{"rendered":"<p>[et_pb_section fb_built=&#8220;1&#8243; custom_padding_last_edited=&#8220;on|desktop&#8220; admin_label=&#8220;section&#8220; _builder_version=&#8220;3.22&#8243; custom_padding_tablet=&#8220;50px|0|50px|0&#8243; padding_mobile=&#8220;off&#8220;][et_pb_row padding_mobile=&#8220;off&#8220; column_padding_mobile=&#8220;on&#8220; admin_label=&#8220;row&#8220; _builder_version=&#8220;3.25&#8243; background_size=&#8220;initial&#8220; background_position=&#8220;top_left&#8220; background_repeat=&#8220;repeat&#8220;][et_pb_column type=&#8220;4_4&#8243; _builder_version=&#8220;3.25&#8243; custom_padding=&#8220;|||&#8220; custom_padding__hover=&#8220;|||&#8220;][et_pb_text admin_label=&#8220;Text&#8220; _builder_version=&#8220;3.27.4&#8243; background_size=&#8220;initial&#8220; background_position=&#8220;top_left&#8220; background_repeat=&#8220;repeat&#8220; use_border_color=&#8220;off&#8220; border_color=&#8220;#ffffff&#8220; border_style=&#8220;solid&#8220;]<\/p>\n<h3>Nev\u00edte si rady s pod\u00e1n\u00edm? St\u00e1hn\u011bte si n\u011bkter\u00fd z na\u0161ich vzor\u016f!<\/h3>\n<p>[\/et_pb_text][\/et_pb_column][\/et_pb_row][\/et_pb_section][et_pb_section fb_built=&#8220;1&#8243; custom_padding_last_edited=&#8220;on|desktop&#8220; admin_label=&#8220;section&#8220; _builder_version=&#8220;3.22&#8243; custom_padding_tablet=&#8220;50px|0|50px|0&#8243; padding_mobile=&#8220;off&#8220;][et_pb_row padding_mobile=&#8220;off&#8220; column_padding_mobile=&#8220;on&#8220; admin_label=&#8220;row&#8220; _builder_version=&#8220;3.25&#8243; background_size=&#8220;initial&#8220; background_position=&#8220;top_left&#8220; background_repeat=&#8220;repeat&#8220; column_structure=&#8220;1_2,1_2&#8243;][et_pb_column type=&#8220;1_2&#8243; _builder_version=&#8220;3.25&#8243; custom_padding=&#8220;|||&#8220; custom_padding__hover=&#8220;|||&#8220;][et_pb_text admin_label=&#8220;Text&#8220; _builder_version=&#8220;3.27.4&#8243; background_size=&#8220;initial&#8220; background_position=&#8220;top_left&#8220; background_repeat=&#8220;repeat&#8220; use_border_color=&#8220;off&#8220; border_color=&#8220;#ffffff&#8220; border_style=&#8220;solid&#8220;]<\/p>\n<ul>\n<li><strong><a href=\"http:\/\/llp.cz\/ferove-vysetrovani\/wp-content\/uploads\/sites\/2\/2017\/03\/sti\u0301z\u030cnost-na-policistu.docx\" target=\"_blank\" rel=\"noopener noreferrer\">St\u00ed\u017enost na policistu<\/a><\/strong><\/li>\n<\/ul>\n<ul>\n<li><strong><a href=\"http:\/\/llp.cz\/ferove-vysetrovani\/wp-content\/uploads\/sites\/2\/2017\/03\/Opakovana\u0301-sti\u0301z\u030cnost-na-policistu.docx\" target=\"_blank\" rel=\"noopener noreferrer\">Opakovan\u00e1 st\u00ed\u017enost na policistu<\/a><\/strong><\/li>\n<\/ul>\n<ul>\n<li><strong><a href=\"http:\/\/www.ferovapolicie.cz\/data\/VP_Stiznost%20na%20straznika.pdf\" target=\"_blank\" rel=\"noopener noreferrer\">St\u00ed\u017enost na str\u00e1\u017en\u00edka<\/a><\/strong><\/li>\n<\/ul>\n<ul>\n<li><strong><a href=\"http:\/\/llp.cz\/ferove-vysetrovani\/wp-content\/uploads\/sites\/2\/2017\/03\/Trestni\u0301-ozna\u0301meni\u0301-na-policisty.docx\" target=\"_blank\" rel=\"noopener noreferrer\">Trestn\u00ed ozn\u00e1men\u00ed na policistu<\/a><\/strong><\/li>\n<\/ul>\n<ul>\n<li><strong><a href=\"http:\/\/llp.cz\/ferove-vysetrovani\/wp-content\/uploads\/sites\/2\/2017\/03\/na\u0301rok-na-na\u0301hradu-s\u030ckody.docx\" target=\"_blank\" rel=\"noopener noreferrer\">\u017d\u00e1dost o n\u00e1hradu \u0161kody a p\u0159im\u011b\u0159en\u00e9 zadostiu\u010din\u011bn\u00ed<\/a><\/strong><\/li>\n<\/ul>\n<ul>\n<li><strong><a href=\"http:\/\/llp.cz\/ferove-vysetrovani\/wp-content\/uploads\/sites\/2\/2017\/03\/Infoz\u030ca\u0301dost-osobni-udaje.docx\" target=\"_blank\" rel=\"noopener noreferrer\">\u017d\u00e1dost o informace o osobn\u00edch \u00fadaj\u00edch<\/a><\/strong><\/li>\n<\/ul>\n<ul>\n<li><strong><a href=\"http:\/\/llp.cz\/ferove-vysetrovani\/wp-content\/uploads\/sites\/2\/2017\/03\/INFOz\u030ca\u0301dost.docx\" target=\"_blank\" rel=\"noopener noreferrer\">\u017d\u00e1dost o informace<\/a><\/strong><\/li>\n<\/ul>\n<p>[\/et_pb_text][\/et_pb_column][et_pb_column type=&#8220;1_2&#8243; _builder_version=&#8220;3.25&#8243; custom_padding=&#8220;|||&#8220; custom_padding__hover=&#8220;|||&#8220;][et_pb_cta title=&#8220;St\u00e1hn\u011bte si n\u00e1\u0161 manu\u00e1l %22Jak si po\u010d\u00ednat v kontaktu s policistou a str\u00e1\u017en\u00edkem%22&#8243; button_url=&#8220;http:\/\/www.ferovapolicie.cz\/data\/Manual_Jak%20si%20pocinat%20v%20kontaktu%20s%20policistou%20a%20straznikem.pdf&#8220; button_text=&#8220;St\u00e1hni te\u010f&#8220; admin_label=&#8220;V\u00fdzva k akci&#8220; _builder_version=&#8220;3.16&#8243; background_color=&#8220;#ffffff&#8220; background_size=&#8220;initial&#8220; background_position=&#8220;top_left&#8220; background_repeat=&#8220;repeat&#8220; background_layout=&#8220;light&#8220; border_width_all=&#8220;0px&#8220; border_color_all=&#8220;#000000&#8243; border_style_all=&#8220;solid&#8220; use_border_color=&#8220;on&#8220; border_color=&#8220;#000000&#8243; border_style=&#8220;solid&#8220; button_letter_spacing_hover=&#8220;0&#8243; button_text_size__hover_enabled=&#8220;off&#8220; button_one_text_size__hover_enabled=&#8220;off&#8220; button_two_text_size__hover_enabled=&#8220;off&#8220; button_text_color__hover_enabled=&#8220;off&#8220; button_one_text_color__hover_enabled=&#8220;off&#8220; button_two_text_color__hover_enabled=&#8220;off&#8220; button_border_width__hover_enabled=&#8220;off&#8220; button_one_border_width__hover_enabled=&#8220;off&#8220; button_two_border_width__hover_enabled=&#8220;off&#8220; button_border_color__hover_enabled=&#8220;off&#8220; button_one_border_color__hover_enabled=&#8220;off&#8220; button_two_border_color__hover_enabled=&#8220;off&#8220; button_border_radius__hover_enabled=&#8220;off&#8220; button_one_border_radius__hover_enabled=&#8220;off&#8220; button_two_border_radius__hover_enabled=&#8220;off&#8220; button_letter_spacing__hover_enabled=&#8220;on&#8220; button_letter_spacing__hover=&#8220;0&#8243; button_one_letter_spacing__hover_enabled=&#8220;off&#8220; button_two_letter_spacing__hover_enabled=&#8220;off&#8220; button_bg_color__hover_enabled=&#8220;off&#8220; button_one_bg_color__hover_enabled=&#8220;off&#8220; button_two_bg_color__hover_enabled=&#8220;off&#8220;]Policie mnohdy zneu\u017e\u00edv\u00e1 sv\u00e9 autority a\u00a0nejedn\u00e1 s\u00a0ob\u010dany v\u00a0souladu se z\u00e1konem. Pro v\u0161echny, kter\u00fdm nejsou pr\u00e1va a\u00a0povinnosti policie lhostejn\u00e9, p\u0159ipravila Liga obs\u00e1hl\u00fd a\u00a0srozumiteln\u00fd manu\u00e1l. Vydali jsme v\u00a0roce 2010.<br \/>\n[\/et_pb_cta][\/et_pb_column][\/et_pb_row][\/et_pb_section]<\/p>\n","protected":false},"excerpt":{"rendered":"<p>Nev\u00edte si rady s pod\u00e1n\u00edm? St\u00e1hn\u011bte si n\u011bkter\u00fd z na\u0161ich vzor\u016f! St\u00ed\u017enost na policistu Opakovan\u00e1 st\u00ed\u017enost na policistu St\u00ed\u017enost na str\u00e1\u017en\u00edka Trestn\u00ed ozn\u00e1men\u00ed na policistu \u017d\u00e1dost o n\u00e1hradu \u0161kody a p\u0159im\u011b\u0159en\u00e9 zadostiu\u010din\u011bn\u00ed \u017d\u00e1dost o informace o osobn\u00edch \u00fadaj\u00edch \u017d\u00e1dost o informace Policie mnohdy zneu\u017e\u00edv\u00e1 sv\u00e9 autority a\u00a0nejedn\u00e1 s\u00a0ob\u010dany v\u00a0souladu se z\u00e1konem. Pro v\u0161echny, kter\u00fdm nejsou [&hellip;]<\/p>\n","protected":false},"author":2,"featured_media":0,"parent":0,"menu_order":0,"comment_status":"closed","ping_status":"closed","template":"","meta":{"_et_pb_use_builder":"on","_et_pb_old_content":"","_et_gb_content_width":"","footnotes":""},"class_list":["post-51","page","type-page","status-publish","hentry"],"yoast_head":"<!-- This site is optimized with the Yoast SEO plugin v27.4 - https:\/\/yoast.com\/product\/yoast-seo-wordpress\/ -->\n<title>Ke sta\u017een\u00ed - F\u00e9rov\u00e9 vy\u0161et\u0159ov\u00e1n\u00ed<\/title>\n<meta name=\"robots\" content=\"index, follow, max-snippet:-1, max-image-preview:large, max-video-preview:-1\" \/>\n<link rel=\"canonical\" href=\"https:\/\/llp.cz\/ferove-vysetrovani\/ke-stazeni\/\" \/>\n<meta property=\"og:locale\" content=\"cs_CZ\" \/>\n<meta property=\"og:type\" content=\"article\" \/>\n<meta property=\"og:title\" content=\"Ke sta\u017een\u00ed - F\u00e9rov\u00e9 vy\u0161et\u0159ov\u00e1n\u00ed\" \/>\n<meta property=\"og:description\" content=\"Nev\u00edte si rady s pod\u00e1n\u00edm? St\u00e1hn\u011bte si n\u011bkter\u00fd z na\u0161ich vzor\u016f! St\u00ed\u017enost na policistu Opakovan\u00e1 st\u00ed\u017enost na policistu St\u00ed\u017enost na str\u00e1\u017en\u00edka Trestn\u00ed ozn\u00e1men\u00ed na policistu \u017d\u00e1dost o n\u00e1hradu \u0161kody a p\u0159im\u011b\u0159en\u00e9 zadostiu\u010din\u011bn\u00ed \u017d\u00e1dost o informace o osobn\u00edch \u00fadaj\u00edch \u017d\u00e1dost o informace Policie mnohdy zneu\u017e\u00edv\u00e1 sv\u00e9 autority a\u00a0nejedn\u00e1 s\u00a0ob\u010dany v\u00a0souladu se z\u00e1konem. Pro v\u0161echny, kter\u00fdm nejsou [&hellip;]\" \/>\n<meta property=\"og:url\" content=\"https:\/\/llp.cz\/ferove-vysetrovani\/ke-stazeni\/\" \/>\n<meta property=\"og:site_name\" content=\"F\u00e9rov\u00e9 vy\u0161et\u0159ov\u00e1n\u00ed\" \/>\n<meta property=\"article:modified_time\" content=\"2020-11-24T15:13:36+00:00\" \/>\n<meta name=\"twitter:card\" content=\"summary_large_image\" \/>\n<meta name=\"twitter:label1\" content=\"Odhadovan\u00e1 doba \u010dten\u00ed\" \/>\n\t<meta name=\"twitter:data1\" content=\"3 minuty\" \/>\n<script type=\"application\/ld+json\" class=\"yoast-schema-graph\">{\"@context\":\"https:\\\/\\\/schema.org\",\"@graph\":[{\"@type\":\"WebPage\",\"@id\":\"https:\\\/\\\/llp.cz\\\/ferove-vysetrovani\\\/ke-stazeni\\\/\",\"url\":\"https:\\\/\\\/llp.cz\\\/ferove-vysetrovani\\\/ke-stazeni\\\/\",\"name\":\"Ke sta\u017een\u00ed - F\u00e9rov\u00e9 vy\u0161et\u0159ov\u00e1n\u00ed\",\"isPartOf\":{\"@id\":\"https:\\\/\\\/llp.cz\\\/ferove-vysetrovani\\\/#website\"},\"datePublished\":\"2016-12-01T13:38:40+00:00\",\"dateModified\":\"2020-11-24T15:13:36+00:00\",\"breadcrumb\":{\"@id\":\"https:\\\/\\\/llp.cz\\\/ferove-vysetrovani\\\/ke-stazeni\\\/#breadcrumb\"},\"inLanguage\":\"cs\",\"potentialAction\":[{\"@type\":\"ReadAction\",\"target\":[\"https:\\\/\\\/llp.cz\\\/ferove-vysetrovani\\\/ke-stazeni\\\/\"]}]},{\"@type\":\"BreadcrumbList\",\"@id\":\"https:\\\/\\\/llp.cz\\\/ferove-vysetrovani\\\/ke-stazeni\\\/#breadcrumb\",\"itemListElement\":[{\"@type\":\"ListItem\",\"position\":1,\"name\":\"Dom\u016f\",\"item\":\"https:\\\/\\\/llp.cz\\\/ferove-vysetrovani\\\/\"},{\"@type\":\"ListItem\",\"position\":2,\"name\":\"Ke sta\u017een\u00ed\"}]},{\"@type\":\"WebSite\",\"@id\":\"https:\\\/\\\/llp.cz\\\/ferove-vysetrovani\\\/#website\",\"url\":\"https:\\\/\\\/llp.cz\\\/ferove-vysetrovani\\\/\",\"name\":\"F\u00e9rov\u00e9 vy\u0161et\u0159ov\u00e1n\u00ed\",\"description\":\"\",\"potentialAction\":[{\"@type\":\"SearchAction\",\"target\":{\"@type\":\"EntryPoint\",\"urlTemplate\":\"https:\\\/\\\/llp.cz\\\/ferove-vysetrovani\\\/?s={search_term_string}\"},\"query-input\":{\"@type\":\"PropertyValueSpecification\",\"valueRequired\":true,\"valueName\":\"search_term_string\"}}],\"inLanguage\":\"cs\"}]}<\/script>\n<!-- \/ Yoast SEO plugin. -->","yoast_head_json":{"title":"Ke sta\u017een\u00ed - F\u00e9rov\u00e9 vy\u0161et\u0159ov\u00e1n\u00ed","robots":{"index":"index","follow":"follow","max-snippet":"max-snippet:-1","max-image-preview":"max-image-preview:large","max-video-preview":"max-video-preview:-1"},"canonical":"https:\/\/llp.cz\/ferove-vysetrovani\/ke-stazeni\/","og_locale":"cs_CZ","og_type":"article","og_title":"Ke sta\u017een\u00ed - F\u00e9rov\u00e9 vy\u0161et\u0159ov\u00e1n\u00ed","og_description":"Nev\u00edte si rady s pod\u00e1n\u00edm? St\u00e1hn\u011bte si n\u011bkter\u00fd z na\u0161ich vzor\u016f! St\u00ed\u017enost na policistu Opakovan\u00e1 st\u00ed\u017enost na policistu St\u00ed\u017enost na str\u00e1\u017en\u00edka Trestn\u00ed ozn\u00e1men\u00ed na policistu \u017d\u00e1dost o n\u00e1hradu \u0161kody a p\u0159im\u011b\u0159en\u00e9 zadostiu\u010din\u011bn\u00ed \u017d\u00e1dost o informace o osobn\u00edch \u00fadaj\u00edch \u017d\u00e1dost o informace Policie mnohdy zneu\u017e\u00edv\u00e1 sv\u00e9 autority a\u00a0nejedn\u00e1 s\u00a0ob\u010dany v\u00a0souladu se z\u00e1konem. Pro v\u0161echny, kter\u00fdm nejsou [&hellip;]","og_url":"https:\/\/llp.cz\/ferove-vysetrovani\/ke-stazeni\/","og_site_name":"F\u00e9rov\u00e9 vy\u0161et\u0159ov\u00e1n\u00ed","article_modified_time":"2020-11-24T15:13:36+00:00","twitter_card":"summary_large_image","twitter_misc":{"Odhadovan\u00e1 doba \u010dten\u00ed":"3 minuty"},"schema":{"@context":"https:\/\/schema.org","@graph":[{"@type":"WebPage","@id":"https:\/\/llp.cz\/ferove-vysetrovani\/ke-stazeni\/","url":"https:\/\/llp.cz\/ferove-vysetrovani\/ke-stazeni\/","name":"Ke sta\u017een\u00ed - F\u00e9rov\u00e9 vy\u0161et\u0159ov\u00e1n\u00ed","isPartOf":{"@id":"https:\/\/llp.cz\/ferove-vysetrovani\/#website"},"datePublished":"2016-12-01T13:38:40+00:00","dateModified":"2020-11-24T15:13:36+00:00","breadcrumb":{"@id":"https:\/\/llp.cz\/ferove-vysetrovani\/ke-stazeni\/#breadcrumb"},"inLanguage":"cs","potentialAction":[{"@type":"ReadAction","target":["https:\/\/llp.cz\/ferove-vysetrovani\/ke-stazeni\/"]}]},{"@type":"BreadcrumbList","@id":"https:\/\/llp.cz\/ferove-vysetrovani\/ke-stazeni\/#breadcrumb","itemListElement":[{"@type":"ListItem","position":1,"name":"Dom\u016f","item":"https:\/\/llp.cz\/ferove-vysetrovani\/"},{"@type":"ListItem","position":2,"name":"Ke sta\u017een\u00ed"}]},{"@type":"WebSite","@id":"https:\/\/llp.cz\/ferove-vysetrovani\/#website","url":"https:\/\/llp.cz\/ferove-vysetrovani\/","name":"F\u00e9rov\u00e9 vy\u0161et\u0159ov\u00e1n\u00ed","description":"","potentialAction":[{"@type":"SearchAction","target":{"@type":"EntryPoint","urlTemplate":"https:\/\/llp.cz\/ferove-vysetrovani\/?s={search_term_string}"},"query-input":{"@type":"PropertyValueSpecification","valueRequired":true,"valueName":"search_term_string"}}],"inLanguage":"cs"}]}},"_links":{"self":[{"href":"https:\/\/llp.cz\/ferove-vysetrovani\/wp-json\/wp\/v2\/pages\/51","targetHints":{"allow":["GET"]}}],"collection":[{"href":"https:\/\/llp.cz\/ferove-vysetrovani\/wp-json\/wp\/v2\/pages"}],"about":[{"href":"https:\/\/llp.cz\/ferove-vysetrovani\/wp-json\/wp\/v2\/types\/page"}],"author":[{"embeddable":true,"href":"https:\/\/llp.cz\/ferove-vysetrovani\/wp-json\/wp\/v2\/users\/2"}],"replies":[{"embeddable":true,"href":"https:\/\/llp.cz\/ferove-vysetrovani\/wp-json\/wp\/v2\/comments?post=51"}],"version-history":[{"count":8,"href":"https:\/\/llp.cz\/ferove-vysetrovani\/wp-json\/wp\/v2\/pages\/51\/revisions"}],"predecessor-version":[{"id":1007,"href":"https:\/\/llp.cz\/ferove-vysetrovani\/wp-json\/wp\/v2\/pages\/51\/revisions\/1007"}],"wp:attachment":[{"href":"https:\/\/llp.cz\/ferove-vysetrovani\/wp-json\/wp\/v2\/media?parent=51"}],"curies":[{"name":"wp","href":"https:\/\/api.w.org\/{rel}","templated":true}]}}