{"id":454,"date":"2016-12-08T16:16:50","date_gmt":"2016-12-08T15:16:50","guid":{"rendered":"http:\/\/llp.cz\/ferove-vysetrovani\/?page_id=454"},"modified":"2022-11-01T11:14:22","modified_gmt":"2022-11-01T10:14:22","slug":"ponizujici-zachazeni-policejni-stanici","status":"publish","type":"page","link":"https:\/\/llp.cz\/ferove-vysetrovani\/pripady\/ponizujici-zachazeni-policejni-stanici\/","title":{"rendered":"Poni\u017euj\u00edc\u00ed zach\u00e1zen\u00ed na policejn\u00ed stanici"},"content":{"rendered":"<p><strong>\u017dena byla p\u0159evezena na policejn\u00ed stanici po konfliktu s barmanem, kter\u00fd na ni zavolal policii. Na policejn\u00ed stanici pak \u010delila vulg\u00e1rn\u00edm a sexistick\u00fdm nar\u00e1\u017ek\u00e1m policist\u016f a hrub\u00e9mu zach\u00e1zen\u00ed, kter\u00e9 na jej\u00edm t\u011ble zanechalo n\u011bkolik viditeln\u00fdch zran\u011bn\u00ed. I kdy\u017e podala st\u00ed\u017enost a n\u00e1sledn\u011b i trestn\u00ed ozn\u00e1men\u00ed, p\u0159\u00edslu\u0161n\u00e9 org\u00e1ny odm\u00edtly v\u011bc \u0159\u00e1dn\u011b pro\u0161et\u0159it. P\u0159\u00edpad se dostal a\u017e k Evropsk\u00e9mu soudu pro lidsk\u00e1 pr\u00e1va. <\/strong><\/p>\n<p>V \u00fanoru roku 2013 se Lenka S. v pra\u017esk\u00e9m baru dostala pod vlivem alkoholu do sporu s barmanem, kter\u00fd na ni zavolal policii. P\u0159ivolan\u00ed policist\u00e9 se k n\u00ed ji\u017e od za\u010d\u00e1tku chovali hrub\u011b a toto zach\u00e1zen\u00ed pokra\u010dovalo i po jej\u00edm p\u0159evozu na policejn\u00ed stanici, kde byla vystavena fyzick\u00fdm \u00fatok\u016fm (st\u011b\u017eovatelka tvrd\u00ed, \u017ee byla p\u0159idu\u0161ena, v d\u016fsledku \u010deho\u017e nemohla t\u0159i dny mluvit, bylo ji zp\u016fsobeno n\u011bkolik mod\u0159in a pohmo\u017ed\u011bnin, kter\u00e9 byly zdokumentov\u00e1ny) i vulg\u00e1rn\u00edm sexistick\u00fdm a rasistick\u00fdm ur\u00e1\u017ek\u00e1m pro jej\u00ed domn\u011bl\u00fd romsk\u00fd p\u016fvod.<\/p>\n<p>N\u00e1sledn\u011b byla st\u011b\u017eovatelka p\u0159evezena na z\u00e1chytnou stanici. Na druh\u00fd den r\u00e1no, kdy\u017e pro ni op\u011bt p\u0159ijeli policist\u00e9, traumatizovan\u00e1 a vyd\u011b\u0161en\u00e1 st\u011b\u017eovatelka marn\u011b \u017e\u00e1dala l\u00e9ka\u0159e o pomoc a odm\u00edtala s policisty odjet. I p\u0159es jej\u00ed prosby j\u00ed policist\u00e9 op\u011bt surov\u00fdm zp\u016fsobem nasadili pouta, i kdy\u017e jej\u00ed z\u00e1p\u011bst\u00ed byla velice citliv\u00e1 po pou\u017eit\u00ed pout z p\u0159ede\u0161l\u00e9ho dne. P\u0159i p\u0159evozu j\u00ed bylo ze strany policist\u016f op\u011btovn\u011b vyhro\u017eov\u00e1no. Jeliko\u017e ji\u017e p\u0159edt\u00edm st\u011b\u017eovatelka trp\u011bla na siln\u00e9 deprese a \u00fazkosti, kv\u016fli kter\u00fdm m\u00e1 p\u0159iznan\u00fd invalidn\u00ed d\u016fchod, dostala z\u00e1chvat panick\u00e9 \u00fazkosti prov\u00e1zen\u00e9 problematick\u00fdm d\u00fdch\u00e1n\u00edm, proto poprosila, zda si m\u016f\u017ee vz\u00edt l\u00e9ky, na co\u017e policist\u00e9 reagovali op\u011bt v\u00fdhru\u017ekami a nerelevantn\u00edmi ot\u00e1zkami poni\u017euj\u00edc\u00edho charakteru.<\/p>\n<p>V d\u016fsledku tohoto traumatick\u00e9ho z\u00e1\u017eitku byla st\u011b\u017eovatelka ve velmi \u0161patn\u00e9m psychick\u00e9m stavu, trp\u011bla \u00fazkostn\u00fdmi stavy, b\u00e1la se vyj\u00edt z domu, v noci se budila s no\u010dn\u00edmi m\u016frami. Proto se rozhodla podat na policisty nejprve st\u00ed\u017enost a pak i trestn\u00ed ozn\u00e1men\u00ed ke Gener\u00e1ln\u00ed inspekci bezpe\u010dnostn\u00edch sbor\u016f. GIBS se v\u0161ak odm\u00edtla t\u00edmto p\u0159\u00edpadem zab\u00fdvat, trestn\u00ed ozn\u00e1men\u00ed bylo vyhodnoceno pouze jako st\u00ed\u017enost proti nevhodn\u00e9mu jedn\u00e1n\u00ed policist\u016f a vy\u0161et\u0159ov\u00e1n\u00ed bylo p\u0159ed\u00e1no nad\u0159\u00edzen\u00fdm policist\u016f, kter\u00fd se \u0161patn\u00e9ho zach\u00e1zen\u00ed m\u011bli dopustit. Ti v\u0161ak \u017e\u00e1dn\u00e9 pochyben\u00ed neshledali, p\u0159itom v\u016fbec nevyslechli samotnou st\u011b\u017eovatelku, nevzali do \u00favahy p\u0159edlo\u017eenou l\u00e9ka\u0159skou zpr\u00e1vu a nezajistili videoz\u00e1znam ze slu\u017eebny.<\/p>\n<p><strong>Podniknut\u00e9 kroky:<\/strong><\/p>\n<ul>\n<li>\u00fanor 2013 \u2013 pod\u00e1no trestn\u00ed ozn\u00e1men\u00ed pro podez\u0159en\u00ed na zneu\u017eit\u00ed pravomoci ve\u0159ejn\u00e9ho \u010dinitele, kter\u00e9 bylo vyhodnoceno jako st\u00ed\u017enost na nevhodn\u00e9 jedn\u00e1n\u00ed, ta v\u0161ak nebyla Obvodn\u00edm odd\u011blen\u00edm policie Praha I. ani Krajsk\u00fdm \u0159editelstv\u00edm policie hl. m\u011bsta Prahy shled\u00e1na d\u016fvodnou<\/li>\n<li>duben 2013 \u2013 op\u011bt pod\u00e1no trestn\u00ed ozn\u00e1men\u00ed adresov\u00e1no p\u0159\u00edmo GIBS, kter\u00e1 v\u0161ak pod\u00e1n\u00ed vyhodnotila jako st\u00ed\u017enost a \u017e\u00e1dn\u00e9 vy\u0161et\u0159ov\u00e1n\u00ed nebylo provedeno<\/li>\n<li>\u0159\u00edjen 2013 \u2013 pod\u00e1na \u017e\u00e1dost o p\u0159ezkoum\u00e1n\u00ed postupu policejn\u00edho org\u00e1nu st\u00e1tn\u00edmu z\u00e1stupci, kter\u00fd v\u0161ak neshledal v\u00a0postupu GIBS \u017e\u00e1dn\u00e9 pochyben\u00ed<\/li>\n<li>\u00fanor 2014 \u2013 pod\u00e1na \u00fastavn\u00ed st\u00ed\u017enost<\/li>\n<li>z\u00e1\u0159\u00ed 2014 \u2013 \u00fastavn\u00ed st\u00ed\u017enost byla <a href=\"https:\/\/nalus.usoud.cz:443\/Search\/GetText.aspx?sz=2-453-14_1\" target=\"_blank\" rel=\"noopener\">odm\u00edtnuta usnesen\u00edm \u00dastavn\u00edho soudu sp. zn. II. \u00daS 453\/14<\/a><\/li>\n<li>leden 2015 \u2013 podan\u00e1 st\u00ed\u017enost k\u00a0Evropsk\u00e9mu soudu pro lidsk\u00e1 pr\u00e1va<\/li>\n<\/ul>\n","protected":false},"excerpt":{"rendered":"<p>\u017dena byla p\u0159evezena na policejn\u00ed stanici po konfliktu s barmanem, kter\u00fd na ni zavolal policii. Na policejn\u00ed stanici pak \u010delila vulg\u00e1rn\u00edm a sexistick\u00fdm nar\u00e1\u017ek\u00e1m policist\u016f a hrub\u00e9mu zach\u00e1zen\u00ed, kter\u00e9 na jej\u00edm t\u011ble zanechalo n\u011bkolik viditeln\u00fdch zran\u011bn\u00ed. I kdy\u017e podala st\u00ed\u017enost a n\u00e1sledn\u011b i trestn\u00ed ozn\u00e1men\u00ed, p\u0159\u00edslu\u0161n\u00e9 org\u00e1ny odm\u00edtly v\u011bc \u0159\u00e1dn\u011b pro\u0161et\u0159it. P\u0159\u00edpad se dostal a\u017e [&hellip;]<\/p>\n","protected":false},"author":2,"featured_media":0,"parent":54,"menu_order":0,"comment_status":"closed","ping_status":"closed","template":"","meta":{"_et_pb_use_builder":"","_et_pb_old_content":"","_et_gb_content_width":"","footnotes":""},"class_list":["post-454","page","type-page","status-publish","hentry"],"yoast_head":"<!-- This site is optimized with the Yoast SEO plugin v27.5 - https:\/\/yoast.com\/product\/yoast-seo-wordpress\/ -->\n<title>Poni\u017euj\u00edc\u00ed zach\u00e1zen\u00ed na policejn\u00ed stanici - F\u00e9rov\u00e9 vy\u0161et\u0159ov\u00e1n\u00ed<\/title>\n<meta name=\"robots\" content=\"index, follow, max-snippet:-1, max-image-preview:large, max-video-preview:-1\" \/>\n<link rel=\"canonical\" href=\"https:\/\/llp.cz\/ferove-vysetrovani\/pripady\/ponizujici-zachazeni-policejni-stanici\/\" \/>\n<meta property=\"og:locale\" content=\"cs_CZ\" \/>\n<meta property=\"og:type\" content=\"article\" \/>\n<meta property=\"og:title\" content=\"Poni\u017euj\u00edc\u00ed zach\u00e1zen\u00ed na policejn\u00ed stanici - F\u00e9rov\u00e9 vy\u0161et\u0159ov\u00e1n\u00ed\" \/>\n<meta property=\"og:description\" content=\"\u017dena byla p\u0159evezena na policejn\u00ed stanici po konfliktu s barmanem, kter\u00fd na ni zavolal policii. Na policejn\u00ed stanici pak \u010delila vulg\u00e1rn\u00edm a sexistick\u00fdm nar\u00e1\u017ek\u00e1m policist\u016f a hrub\u00e9mu zach\u00e1zen\u00ed, kter\u00e9 na jej\u00edm t\u011ble zanechalo n\u011bkolik viditeln\u00fdch zran\u011bn\u00ed. I kdy\u017e podala st\u00ed\u017enost a n\u00e1sledn\u011b i trestn\u00ed ozn\u00e1men\u00ed, p\u0159\u00edslu\u0161n\u00e9 org\u00e1ny odm\u00edtly v\u011bc \u0159\u00e1dn\u011b pro\u0161et\u0159it. P\u0159\u00edpad se dostal a\u017e [&hellip;]\" \/>\n<meta property=\"og:url\" content=\"https:\/\/llp.cz\/ferove-vysetrovani\/pripady\/ponizujici-zachazeni-policejni-stanici\/\" \/>\n<meta property=\"og:site_name\" content=\"F\u00e9rov\u00e9 vy\u0161et\u0159ov\u00e1n\u00ed\" \/>\n<meta property=\"article:modified_time\" content=\"2022-11-01T10:14:22+00:00\" \/>\n<meta name=\"twitter:card\" content=\"summary_large_image\" \/>\n<meta name=\"twitter:label1\" content=\"Odhadovan\u00e1 doba \u010dten\u00ed\" \/>\n\t<meta name=\"twitter:data1\" content=\"3 minuty\" \/>\n<script type=\"application\/ld+json\" class=\"yoast-schema-graph\">{\"@context\":\"https:\\\/\\\/schema.org\",\"@graph\":[{\"@type\":\"WebPage\",\"@id\":\"https:\\\/\\\/llp.cz\\\/ferove-vysetrovani\\\/pripady\\\/ponizujici-zachazeni-policejni-stanici\\\/\",\"url\":\"https:\\\/\\\/llp.cz\\\/ferove-vysetrovani\\\/pripady\\\/ponizujici-zachazeni-policejni-stanici\\\/\",\"name\":\"Poni\u017euj\u00edc\u00ed zach\u00e1zen\u00ed na policejn\u00ed stanici - F\u00e9rov\u00e9 vy\u0161et\u0159ov\u00e1n\u00ed\",\"isPartOf\":{\"@id\":\"https:\\\/\\\/llp.cz\\\/ferove-vysetrovani\\\/#website\"},\"datePublished\":\"2016-12-08T15:16:50+00:00\",\"dateModified\":\"2022-11-01T10:14:22+00:00\",\"breadcrumb\":{\"@id\":\"https:\\\/\\\/llp.cz\\\/ferove-vysetrovani\\\/pripady\\\/ponizujici-zachazeni-policejni-stanici\\\/#breadcrumb\"},\"inLanguage\":\"cs\",\"potentialAction\":[{\"@type\":\"ReadAction\",\"target\":[\"https:\\\/\\\/llp.cz\\\/ferove-vysetrovani\\\/pripady\\\/ponizujici-zachazeni-policejni-stanici\\\/\"]}]},{\"@type\":\"BreadcrumbList\",\"@id\":\"https:\\\/\\\/llp.cz\\\/ferove-vysetrovani\\\/pripady\\\/ponizujici-zachazeni-policejni-stanici\\\/#breadcrumb\",\"itemListElement\":[{\"@type\":\"ListItem\",\"position\":1,\"name\":\"Dom\u016f\",\"item\":\"https:\\\/\\\/llp.cz\\\/ferove-vysetrovani\\\/\"},{\"@type\":\"ListItem\",\"position\":2,\"name\":\"P\u0159\u00edpady\",\"item\":\"https:\\\/\\\/llp.cz\\\/ferove-vysetrovani\\\/pripady\\\/\"},{\"@type\":\"ListItem\",\"position\":3,\"name\":\"Poni\u017euj\u00edc\u00ed zach\u00e1zen\u00ed na policejn\u00ed stanici\"}]},{\"@type\":\"WebSite\",\"@id\":\"https:\\\/\\\/llp.cz\\\/ferove-vysetrovani\\\/#website\",\"url\":\"https:\\\/\\\/llp.cz\\\/ferove-vysetrovani\\\/\",\"name\":\"F\u00e9rov\u00e9 vy\u0161et\u0159ov\u00e1n\u00ed\",\"description\":\"\",\"potentialAction\":[{\"@type\":\"SearchAction\",\"target\":{\"@type\":\"EntryPoint\",\"urlTemplate\":\"https:\\\/\\\/llp.cz\\\/ferove-vysetrovani\\\/?s={search_term_string}\"},\"query-input\":{\"@type\":\"PropertyValueSpecification\",\"valueRequired\":true,\"valueName\":\"search_term_string\"}}],\"inLanguage\":\"cs\"}]}<\/script>\n<!-- \/ Yoast SEO plugin. -->","yoast_head_json":{"title":"Poni\u017euj\u00edc\u00ed zach\u00e1zen\u00ed na policejn\u00ed stanici - F\u00e9rov\u00e9 vy\u0161et\u0159ov\u00e1n\u00ed","robots":{"index":"index","follow":"follow","max-snippet":"max-snippet:-1","max-image-preview":"max-image-preview:large","max-video-preview":"max-video-preview:-1"},"canonical":"https:\/\/llp.cz\/ferove-vysetrovani\/pripady\/ponizujici-zachazeni-policejni-stanici\/","og_locale":"cs_CZ","og_type":"article","og_title":"Poni\u017euj\u00edc\u00ed zach\u00e1zen\u00ed na policejn\u00ed stanici - F\u00e9rov\u00e9 vy\u0161et\u0159ov\u00e1n\u00ed","og_description":"\u017dena byla p\u0159evezena na policejn\u00ed stanici po konfliktu s barmanem, kter\u00fd na ni zavolal policii. Na policejn\u00ed stanici pak \u010delila vulg\u00e1rn\u00edm a sexistick\u00fdm nar\u00e1\u017ek\u00e1m policist\u016f a hrub\u00e9mu zach\u00e1zen\u00ed, kter\u00e9 na jej\u00edm t\u011ble zanechalo n\u011bkolik viditeln\u00fdch zran\u011bn\u00ed. I kdy\u017e podala st\u00ed\u017enost a n\u00e1sledn\u011b i trestn\u00ed ozn\u00e1men\u00ed, p\u0159\u00edslu\u0161n\u00e9 org\u00e1ny odm\u00edtly v\u011bc \u0159\u00e1dn\u011b pro\u0161et\u0159it. P\u0159\u00edpad se dostal a\u017e [&hellip;]","og_url":"https:\/\/llp.cz\/ferove-vysetrovani\/pripady\/ponizujici-zachazeni-policejni-stanici\/","og_site_name":"F\u00e9rov\u00e9 vy\u0161et\u0159ov\u00e1n\u00ed","article_modified_time":"2022-11-01T10:14:22+00:00","twitter_card":"summary_large_image","twitter_misc":{"Odhadovan\u00e1 doba \u010dten\u00ed":"3 minuty"},"schema":{"@context":"https:\/\/schema.org","@graph":[{"@type":"WebPage","@id":"https:\/\/llp.cz\/ferove-vysetrovani\/pripady\/ponizujici-zachazeni-policejni-stanici\/","url":"https:\/\/llp.cz\/ferove-vysetrovani\/pripady\/ponizujici-zachazeni-policejni-stanici\/","name":"Poni\u017euj\u00edc\u00ed zach\u00e1zen\u00ed na policejn\u00ed stanici - F\u00e9rov\u00e9 vy\u0161et\u0159ov\u00e1n\u00ed","isPartOf":{"@id":"https:\/\/llp.cz\/ferove-vysetrovani\/#website"},"datePublished":"2016-12-08T15:16:50+00:00","dateModified":"2022-11-01T10:14:22+00:00","breadcrumb":{"@id":"https:\/\/llp.cz\/ferove-vysetrovani\/pripady\/ponizujici-zachazeni-policejni-stanici\/#breadcrumb"},"inLanguage":"cs","potentialAction":[{"@type":"ReadAction","target":["https:\/\/llp.cz\/ferove-vysetrovani\/pripady\/ponizujici-zachazeni-policejni-stanici\/"]}]},{"@type":"BreadcrumbList","@id":"https:\/\/llp.cz\/ferove-vysetrovani\/pripady\/ponizujici-zachazeni-policejni-stanici\/#breadcrumb","itemListElement":[{"@type":"ListItem","position":1,"name":"Dom\u016f","item":"https:\/\/llp.cz\/ferove-vysetrovani\/"},{"@type":"ListItem","position":2,"name":"P\u0159\u00edpady","item":"https:\/\/llp.cz\/ferove-vysetrovani\/pripady\/"},{"@type":"ListItem","position":3,"name":"Poni\u017euj\u00edc\u00ed zach\u00e1zen\u00ed na policejn\u00ed stanici"}]},{"@type":"WebSite","@id":"https:\/\/llp.cz\/ferove-vysetrovani\/#website","url":"https:\/\/llp.cz\/ferove-vysetrovani\/","name":"F\u00e9rov\u00e9 vy\u0161et\u0159ov\u00e1n\u00ed","description":"","potentialAction":[{"@type":"SearchAction","target":{"@type":"EntryPoint","urlTemplate":"https:\/\/llp.cz\/ferove-vysetrovani\/?s={search_term_string}"},"query-input":{"@type":"PropertyValueSpecification","valueRequired":true,"valueName":"search_term_string"}}],"inLanguage":"cs"}]}},"_links":{"self":[{"href":"https:\/\/llp.cz\/ferove-vysetrovani\/wp-json\/wp\/v2\/pages\/454","targetHints":{"allow":["GET"]}}],"collection":[{"href":"https:\/\/llp.cz\/ferove-vysetrovani\/wp-json\/wp\/v2\/pages"}],"about":[{"href":"https:\/\/llp.cz\/ferove-vysetrovani\/wp-json\/wp\/v2\/types\/page"}],"author":[{"embeddable":true,"href":"https:\/\/llp.cz\/ferove-vysetrovani\/wp-json\/wp\/v2\/users\/2"}],"replies":[{"embeddable":true,"href":"https:\/\/llp.cz\/ferove-vysetrovani\/wp-json\/wp\/v2\/comments?post=454"}],"version-history":[{"count":2,"href":"https:\/\/llp.cz\/ferove-vysetrovani\/wp-json\/wp\/v2\/pages\/454\/revisions"}],"predecessor-version":[{"id":1023,"href":"https:\/\/llp.cz\/ferove-vysetrovani\/wp-json\/wp\/v2\/pages\/454\/revisions\/1023"}],"up":[{"embeddable":true,"href":"https:\/\/llp.cz\/ferove-vysetrovani\/wp-json\/wp\/v2\/pages\/54"}],"wp:attachment":[{"href":"https:\/\/llp.cz\/ferove-vysetrovani\/wp-json\/wp\/v2\/media?parent=454"}],"curies":[{"name":"wp","href":"https:\/\/api.w.org\/{rel}","templated":true}]}}